{"id":43,"date":"2014-02-12T17:51:23","date_gmt":"2014-02-12T16:51:23","guid":{"rendered":"http:\/\/www.jayfox.de\/?page_id=43"},"modified":"2023-12-05T14:09:03","modified_gmt":"2023-12-05T13:09:03","slug":"impressum","status":"publish","type":"page","link":"https:\/\/www.jayfox.de\/?page_id=43","title":{"rendered":"Impressum"},"content":{"rendered":"<p><strong>Herausgeber der Internetseiten:<\/strong><\/p>\n<p>Dr. Jens-Uwe Voss<br \/>\nBritzinger Weg 8<br \/>\n79379 M\u00fcllheim<br \/>\nE &#8211; Mail: n o r e p l y \/a t\/ jayfox . de<\/p>\n<p><strong>Copyright:<\/strong><br \/>\nDie Verwendung von Fotos und Texten dieser Webseite ist ohne schriftliche Genehmigung des Herausgebers dieser Seite untersagt. Alle Rechte vorbehalten.<\/p>\n<p><strong>Garantieausschluss:<\/strong><br \/>\nDiese Webseite wurde mit gr\u00f6\u00dftm\u00f6glicher Sorgfalt erstellt. Eine Garantie f\u00fcr Fehlerfreiheit und Genauigkeit der gegebenen Informationen wird jedoch nicht gew\u00e4hrt. Der Herausgeber schlie\u00dft jegliche Haftung f\u00fcr Sch\u00e4den, die direkt oder indirekt aus der Nutzung dieser Webseite entstehen, aus.<\/p>\n<p><strong>Haftungsbeschr\u00e4nkung:<\/strong><br \/>\nDiese Webseite kann Hyperlinks zu anderen Webseiten enthalten. Die Betreiber dieser Webseite pr\u00fcfen und aktualisieren oder l\u00f6schen diese Hyperlinks regelm\u00e4\u00dfig, k\u00f6nnen den Inhalt der verlinkten Seiten jedoch weder kontrollieren noch beeinflussen und \u00fcbernehmen daher keinerlei Haftung f\u00fcr Webseiten, die Dritten geh\u00f6ren und zu denen Nutzer \u00fcber diese Webseite Zugang finden. F\u00fcr illegale, fehlerhafte oder unvollst\u00e4ndige Inhalte sowie f\u00fcr Sch\u00e4den, die aus der Nutzung oder Nichtnutzung resultieren, haftet allein der Betreiber der jeweiligen Seite.<br \/>\nF\u00fcr den Fall, dass Teile dieses Textes oder Formulierungen nicht der geltenden Rechtslage entsprechen sollten, bleiben die \u00fcbrigen Teile in ihrem Inhalt und ihrer G\u00fcltigkeit davon unber\u00fchrt.<\/p>\n","protected":false},"excerpt":{"rendered":"<p>Herausgeber der Internetseiten: Dr. Jens-Uwe Voss Britzinger Weg 8 79379 M\u00fcllheim E &#8211; Mail: n o r e p l y \/a t\/ jayfox . de Copyright: Die Verwendung von Fotos und Texten dieser Webseite ist ohne schriftliche Genehmigung des Herausgebers dieser Seite untersagt. Alle Rechte vorbehalten. Garantieausschluss: Diese Webseite wurde mit gr\u00f6\u00dftm\u00f6glicher Sorgfalt erstellt. &hellip; <\/p>\n<p class=\"link-more\"><a href=\"https:\/\/www.jayfox.de\/?page_id=43\" class=\"more-link\"><span class=\"screen-reader-text\">\u201eImpressum\u201c <\/span>weiterlesen<\/a><\/p>\n","protected":false},"author":1,"featured_media":0,"parent":0,"menu_order":50,"comment_status":"closed","ping_status":"closed","template":"","meta":{"footnotes":""},"class_list":["post-43","page","type-page","status-publish","hentry"],"_links":{"self":[{"href":"https:\/\/www.jayfox.de\/index.php?rest_route=\/wp\/v2\/pages\/43","targetHints":{"allow":["GET"]}}],"collection":[{"href":"https:\/\/www.jayfox.de\/index.php?rest_route=\/wp\/v2\/pages"}],"about":[{"href":"https:\/\/www.jayfox.de\/index.php?rest_route=\/wp\/v2\/types\/page"}],"author":[{"embeddable":true,"href":"https:\/\/www.jayfox.de\/index.php?rest_route=\/wp\/v2\/users\/1"}],"replies":[{"embeddable":true,"href":"https:\/\/www.jayfox.de\/index.php?rest_route=%2Fwp%2Fv2%2Fcomments&post=43"}],"version-history":[{"count":13,"href":"https:\/\/www.jayfox.de\/index.php?rest_route=\/wp\/v2\/pages\/43\/revisions"}],"predecessor-version":[{"id":437,"href":"https:\/\/www.jayfox.de\/index.php?rest_route=\/wp\/v2\/pages\/43\/revisions\/437"}],"wp:attachment":[{"href":"https:\/\/www.jayfox.de\/index.php?rest_route=%2Fwp%2Fv2%2Fmedia&parent=43"}],"curies":[{"name":"wp","href":"https:\/\/api.w.org\/{rel}","templated":true}]}}